{"id":814,"date":"2023-04-24T19:37:37","date_gmt":"2023-04-24T17:37:37","guid":{"rendered":"https:\/\/lafermetteduciron.fr\/lafermetteWP\/?post_type=product&#038;p=814"},"modified":"2023-07-28T21:46:41","modified_gmt":"2023-07-28T19:46:41","slug":"pot-de-graines-a-oiseaux-copie","status":"publish","type":"product","link":"https:\/\/lafermetteduciron.fr\/lafermetteWP\/product\/pot-de-graines-a-oiseaux-copie\/","title":{"rendered":"Pot de graines \u00e0 oiseaux"},"content":{"rendered":"<p>Joli pot de graines \u00e0 oiseaux d\u00e9cor\u00e9, motif de poules sur le couvercle<\/p>\n","protected":false},"excerpt":{"rendered":"<p>Pot de graines<\/p>\n","protected":false},"featured_media":798,"template":"","meta":{"_EventAllDay":false,"_EventTimezone":"","_EventStartDate":"","_EventEndDate":"","_EventStartDateUTC":"","_EventEndDateUTC":"","_EventShowMap":false,"_EventShowMapLink":false,"_EventURL":"","_EventCost":"","_EventCostDescription":"","_EventCurrencySymbol":"","_EventCurrencyCode":"","_EventCurrencyPosition":"","_EventDateTimeSeparator":"","_EventTimeRangeSeparator":"","_EventOrganizerID":[],"_EventVenueID":[],"_OrganizerEmail":"","_OrganizerPhone":"","_OrganizerWebsite":"","_VenueAddress":"","_VenueCity":"","_VenueCountry":"","_VenueProvince":"","_VenueState":"","_VenueZip":"","_VenuePhone":"","_VenueURL":"","_VenueStateProvince":"","_VenueLat":"","_VenueLng":"","_VenueShowMap":false,"_VenueShowMapLink":false},"product_brand":[],"product_cat":[34],"product_tag":[],"class_list":{"0":"post-814","1":"product","2":"type-product","3":"status-publish","4":"has-post-thumbnail","6":"product_cat-potdegraines","7":"product_shipping_class-fragile","9":"first","10":"instock","11":"purchasable","12":"product-type-simple"},"_links":{"self":[{"href":"https:\/\/lafermetteduciron.fr\/lafermetteWP\/wp-json\/wp\/v2\/product\/814","targetHints":{"allow":["GET"]}}],"collection":[{"href":"https:\/\/lafermetteduciron.fr\/lafermetteWP\/wp-json\/wp\/v2\/product"}],"about":[{"href":"https:\/\/lafermetteduciron.fr\/lafermetteWP\/wp-json\/wp\/v2\/types\/product"}],"wp:featuredmedia":[{"embeddable":true,"href":"https:\/\/lafermetteduciron.fr\/lafermetteWP\/wp-json\/wp\/v2\/media\/798"}],"wp:attachment":[{"href":"https:\/\/lafermetteduciron.fr\/lafermetteWP\/wp-json\/wp\/v2\/media?parent=814"}],"wp:term":[{"taxonomy":"product_brand","embeddable":true,"href":"https:\/\/lafermetteduciron.fr\/lafermetteWP\/wp-json\/wp\/v2\/product_brand?post=814"},{"taxonomy":"product_cat","embeddable":true,"href":"https:\/\/lafermetteduciron.fr\/lafermetteWP\/wp-json\/wp\/v2\/product_cat?post=814"},{"taxonomy":"product_tag","embeddable":true,"href":"https:\/\/lafermetteduciron.fr\/lafermetteWP\/wp-json\/wp\/v2\/product_tag?post=814"}],"curies":[{"name":"wp","href":"https:\/\/api.w.org\/{rel}","templated":true}]}}