{"id":810,"date":"2023-04-24T19:29:37","date_gmt":"2023-04-24T17:29:37","guid":{"rendered":"https:\/\/lafermetteduciron.fr\/lafermetteWP\/?post_type=product&#038;p=810"},"modified":"2023-07-26T19:09:49","modified_gmt":"2023-07-26T17:09:49","slug":"pot-de-graines-a-oiseaux-2","status":"publish","type":"product","link":"https:\/\/lafermetteduciron.fr\/lafermetteWP\/product\/pot-de-graines-a-oiseaux-2\/","title":{"rendered":"Pot de graines \u00e0 oiseaux"},"content":{"rendered":"<p>Joli pot de graines \u00e0 oiseaux d\u00e9cor\u00e9, motif de poules sur le couvercle<\/p>\n","protected":false},"excerpt":{"rendered":"<p>Pot de graines<\/p>\n","protected":false},"featured_media":793,"template":"","meta":{"_EventAllDay":false,"_EventTimezone":"","_EventStartDate":"","_EventEndDate":"","_EventStartDateUTC":"","_EventEndDateUTC":"","_EventShowMap":false,"_EventShowMapLink":false,"_EventURL":"","_EventCost":"","_EventCostDescription":"","_EventCurrencySymbol":"","_EventCurrencyCode":"","_EventCurrencyPosition":"","_EventDateTimeSeparator":"","_EventTimeRangeSeparator":"","_EventOrganizerID":[],"_EventVenueID":[],"_OrganizerEmail":"","_OrganizerPhone":"","_OrganizerWebsite":"","_VenueAddress":"","_VenueCity":"","_VenueCountry":"","_VenueProvince":"","_VenueState":"","_VenueZip":"","_VenuePhone":"","_VenueURL":"","_VenueStateProvince":"","_VenueLat":"","_VenueLng":"","_VenueShowMap":false,"_VenueShowMapLink":false},"product_brand":[],"product_cat":[34],"product_tag":[],"class_list":{"0":"post-810","1":"product","2":"type-product","3":"status-publish","4":"has-post-thumbnail","6":"product_cat-potdegraines","7":"product_shipping_class-fragile","9":"first","10":"instock","11":"taxable","12":"shipping-taxable","13":"purchasable","14":"product-type-simple"},"_links":{"self":[{"href":"https:\/\/lafermetteduciron.fr\/lafermetteWP\/wp-json\/wp\/v2\/product\/810","targetHints":{"allow":["GET"]}}],"collection":[{"href":"https:\/\/lafermetteduciron.fr\/lafermetteWP\/wp-json\/wp\/v2\/product"}],"about":[{"href":"https:\/\/lafermetteduciron.fr\/lafermetteWP\/wp-json\/wp\/v2\/types\/product"}],"wp:featuredmedia":[{"embeddable":true,"href":"https:\/\/lafermetteduciron.fr\/lafermetteWP\/wp-json\/wp\/v2\/media\/793"}],"wp:attachment":[{"href":"https:\/\/lafermetteduciron.fr\/lafermetteWP\/wp-json\/wp\/v2\/media?parent=810"}],"wp:term":[{"taxonomy":"product_brand","embeddable":true,"href":"https:\/\/lafermetteduciron.fr\/lafermetteWP\/wp-json\/wp\/v2\/product_brand?post=810"},{"taxonomy":"product_cat","embeddable":true,"href":"https:\/\/lafermetteduciron.fr\/lafermetteWP\/wp-json\/wp\/v2\/product_cat?post=810"},{"taxonomy":"product_tag","embeddable":true,"href":"https:\/\/lafermetteduciron.fr\/lafermetteWP\/wp-json\/wp\/v2\/product_tag?post=810"}],"curies":[{"name":"wp","href":"https:\/\/api.w.org\/{rel}","templated":true}]}}