{"id":809,"date":"2023-04-24T19:28:29","date_gmt":"2023-04-24T17:28:29","guid":{"rendered":"https:\/\/lafermetteduciron.fr\/lafermetteWP\/?post_type=product&#038;p=809"},"modified":"2023-07-26T19:09:58","modified_gmt":"2023-07-26T17:09:58","slug":"pot-de-graines-a-oiseaux","status":"publish","type":"product","link":"https:\/\/lafermetteduciron.fr\/lafermetteWP\/product\/pot-de-graines-a-oiseaux\/","title":{"rendered":"Pot de graines \u00e0 oiseaux"},"content":{"rendered":"<p>Joli pot de graines \u00e0 oiseaux d\u00e9cor\u00e9, motif de poules sur le couvercle<\/p>\n","protected":false},"excerpt":{"rendered":"<p>Pot de graines<\/p>\n","protected":false},"featured_media":799,"template":"","meta":{"_EventAllDay":false,"_EventTimezone":"","_EventStartDate":"","_EventEndDate":"","_EventStartDateUTC":"","_EventEndDateUTC":"","_EventShowMap":false,"_EventShowMapLink":false,"_EventURL":"","_EventCost":"","_EventCostDescription":"","_EventCurrencySymbol":"","_EventCurrencyCode":"","_EventCurrencyPosition":"","_EventDateTimeSeparator":"","_EventTimeRangeSeparator":"","_EventOrganizerID":[],"_EventVenueID":[],"_OrganizerEmail":"","_OrganizerPhone":"","_OrganizerWebsite":"","_VenueAddress":"","_VenueCity":"","_VenueCountry":"","_VenueProvince":"","_VenueState":"","_VenueZip":"","_VenuePhone":"","_VenueURL":"","_VenueStateProvince":"","_VenueLat":"","_VenueLng":"","_VenueShowMap":false,"_VenueShowMapLink":false},"product_brand":[],"product_cat":[34],"product_tag":[],"class_list":{"0":"post-809","1":"product","2":"type-product","3":"status-publish","4":"has-post-thumbnail","6":"product_cat-potdegraines","7":"product_shipping_class-fragile","9":"first","10":"instock","11":"taxable","12":"shipping-taxable","13":"purchasable","14":"product-type-simple"},"_links":{"self":[{"href":"https:\/\/lafermetteduciron.fr\/lafermetteWP\/wp-json\/wp\/v2\/product\/809","targetHints":{"allow":["GET"]}}],"collection":[{"href":"https:\/\/lafermetteduciron.fr\/lafermetteWP\/wp-json\/wp\/v2\/product"}],"about":[{"href":"https:\/\/lafermetteduciron.fr\/lafermetteWP\/wp-json\/wp\/v2\/types\/product"}],"wp:featuredmedia":[{"embeddable":true,"href":"https:\/\/lafermetteduciron.fr\/lafermetteWP\/wp-json\/wp\/v2\/media\/799"}],"wp:attachment":[{"href":"https:\/\/lafermetteduciron.fr\/lafermetteWP\/wp-json\/wp\/v2\/media?parent=809"}],"wp:term":[{"taxonomy":"product_brand","embeddable":true,"href":"https:\/\/lafermetteduciron.fr\/lafermetteWP\/wp-json\/wp\/v2\/product_brand?post=809"},{"taxonomy":"product_cat","embeddable":true,"href":"https:\/\/lafermetteduciron.fr\/lafermetteWP\/wp-json\/wp\/v2\/product_cat?post=809"},{"taxonomy":"product_tag","embeddable":true,"href":"https:\/\/lafermetteduciron.fr\/lafermetteWP\/wp-json\/wp\/v2\/product_tag?post=809"}],"curies":[{"name":"wp","href":"https:\/\/api.w.org\/{rel}","templated":true}]}}