{"id":382,"date":"2023-01-06T19:45:54","date_gmt":"2023-01-06T18:45:54","guid":{"rendered":"https:\/\/www.pbformation.fr\/lafermetteduciron\/?page_id=382"},"modified":"2023-01-06T19:45:54","modified_gmt":"2023-01-06T18:45:54","slug":"dons-pour-participer-au-projet-de-mare-de-biodiversite","status":"publish","type":"page","link":"https:\/\/lafermetteduciron.fr\/lafermetteWP\/dons-pour-participer-au-projet-de-mare-de-biodiversite\/","title":{"rendered":"Dons pour participer au projet de mare de biodiversit\u00e9"},"content":{"rendered":"\n<p>L&#8217;association a besoin de votre participation  mettre en \u0153uvre les projets qu&#8217;elle a imagin\u00e9s. <\/p>\n\n\n\n<p><\/p>\n\n\n\n<p>Vous pouvez faire des dons \u00e0 l&#8217;association. Une campagne est actuellement en cours pour cr\u00e9er une mare de biodiversit\u00e9 pr\u00e8s de l&#8217;\u00e9cole de Bernos-Beaulac.<\/p>\n\n\n\n<p><\/p>\n\n\n\n<p>Site web pour faire un don pour le projet de la mare : <a rel=\"noreferrer noopener\" href=\"https:\/\/la-fermette-du-ciron.s2.yapla.com\/fr\/campaign-5579\/detail\/financement-de-la-mise-en-oeuvre-dune-mare-de-biodiversite\/5579\" target=\"_blank\">https:\/\/la-fermette-du-ciron.s2.yapla.com\/fr\/campaign-5579\/detail\/financement-de-la-mise-en-oeuvre-dune-mare-de-biodiversite\/5579<\/a><\/p>\n","protected":false},"excerpt":{"rendered":"<p>L&#8217;association a besoin de votre participation mettre en \u0153uvre les projets qu&#8217;elle a imagin\u00e9s. Vous pouvez faire des dons \u00e0 l&#8217;association. Une campagne est actuellement en cours pour cr\u00e9er une mare de biodiversit\u00e9 pr\u00e8s de l&#8217;\u00e9cole de Bernos-Beaulac. Site web pour faire un don pour le projet de la mare : https:\/\/la-fermette-du-ciron.s2.yapla.com\/fr\/campaign-5579\/detail\/financement-de-la-mise-en-oeuvre-dune-mare-de-biodiversite\/5579<\/p>\n","protected":false},"author":1,"featured_media":0,"parent":0,"menu_order":0,"comment_status":"closed","ping_status":"closed","template":"","meta":{"_EventAllDay":false,"_EventTimezone":"","_EventStartDate":"","_EventEndDate":"","_EventStartDateUTC":"","_EventEndDateUTC":"","_EventShowMap":false,"_EventShowMapLink":false,"_EventURL":"","_EventCost":"","_EventCostDescription":"","_EventCurrencySymbol":"","_EventCurrencyCode":"","_EventCurrencyPosition":"","_EventDateTimeSeparator":"","_EventTimeRangeSeparator":"","_EventOrganizerID":[],"_EventVenueID":[],"_OrganizerEmail":"","_OrganizerPhone":"","_OrganizerWebsite":"","_VenueAddress":"","_VenueCity":"","_VenueCountry":"","_VenueProvince":"","_VenueState":"","_VenueZip":"","_VenuePhone":"","_VenueURL":"","_VenueStateProvince":"","_VenueLat":"","_VenueLng":"","_VenueShowMap":false,"_VenueShowMapLink":false,"footnotes":""},"class_list":["post-382","page","type-page","status-publish","hentry"],"_links":{"self":[{"href":"https:\/\/lafermetteduciron.fr\/lafermetteWP\/wp-json\/wp\/v2\/pages\/382","targetHints":{"allow":["GET"]}}],"collection":[{"href":"https:\/\/lafermetteduciron.fr\/lafermetteWP\/wp-json\/wp\/v2\/pages"}],"about":[{"href":"https:\/\/lafermetteduciron.fr\/lafermetteWP\/wp-json\/wp\/v2\/types\/page"}],"author":[{"embeddable":true,"href":"https:\/\/lafermetteduciron.fr\/lafermetteWP\/wp-json\/wp\/v2\/users\/1"}],"replies":[{"embeddable":true,"href":"https:\/\/lafermetteduciron.fr\/lafermetteWP\/wp-json\/wp\/v2\/comments?post=382"}],"version-history":[{"count":0,"href":"https:\/\/lafermetteduciron.fr\/lafermetteWP\/wp-json\/wp\/v2\/pages\/382\/revisions"}],"wp:attachment":[{"href":"https:\/\/lafermetteduciron.fr\/lafermetteWP\/wp-json\/wp\/v2\/media?parent=382"}],"curies":[{"name":"wp","href":"https:\/\/api.w.org\/{rel}","templated":true}]}}